{"id":511,"date":"2023-09-22T08:41:00","date_gmt":"2023-09-22T08:41:00","guid":{"rendered":"https:\/\/vinimam.org.vn\/vinimam\/?page_id=511"},"modified":"2025-07-03T09:58:31","modified_gmt":"2025-07-03T02:58:31","slug":"lien-he","status":"publish","type":"page","link":"https:\/\/vinimam.org.vn\/vinimam\/lien-he\/","title":{"rendered":"Li\u00ean h\u1ec7"},"content":{"rendered":"\t<section class=\"section\" id=\"section_2011555416\">\n\t\t<div class=\"bg section-bg fill bg-fill  bg-loaded\" >\n\n\t\t\t\n\t\t\t\n\t\t\t\n\n\t\t<\/div>\n\n\t\t\n\n\t\t<div class=\"section-content relative\">\n\t\t\t\n\t<div id=\"gap-862913740\" class=\"gap-element clearfix\" style=\"display:block; height:auto;\">\n\t\t\n<style>\n#gap-862913740 {\n  padding-top: 30px;\n}\n<\/style>\n\t<\/div>\n\t\n<div class=\"row\"  id=\"row-1026297843\">\n\n\t<div id=\"col-579297235\" class=\"col medium-12 small-12 large-8\"  >\n\t\t\t\t<div class=\"col-inner\"  >\n\t\t\t\n\t\t\t\n\n  <div class=\"banner has-hover\" id=\"banner-859547460\">\n          <div class=\"banner-inner fill\">\n        <div class=\"banner-bg fill\" >\n            <div class=\"bg fill bg-fill \"><\/div>\n                                    \n                    <\/div>\n\t\t\n        <div class=\"banner-layers container\">\n            <div class=\"fill banner-link\"><\/div>            \n        <\/div>\n      <\/div>\n\n            \n<style>\n#banner-859547460 {\n  padding-top: 300px;\n  background-color: rgba(255, 255, 255, 0);\n}\n#banner-859547460 .bg.bg-loaded {\n  background-image: url(https:\/\/vinimam.org.vn\/vinimam\/wp-content\/uploads\/2025\/07\/Anh-toan-canh-vinimam-1041x800.jpg);\n}\n#banner-859547460 .bg {\n  background-position: 45% 50%;\n}\n#banner-859547460 .ux-shape-divider--top svg {\n  height: 150px;\n  --divider-top-width: 100%;\n}\n#banner-859547460 .ux-shape-divider--bottom svg {\n  height: 150px;\n  --divider-width: 100%;\n}\n@media (min-width:550px) {\n  #banner-859547460 {\n    padding-top: 450px;\n  }\n}\n<\/style>\n  <\/div>\n\n\n\t\t<\/div>\n\t\t\t\t\t<\/div>\n\n\t\n<\/div>\n<div class=\"row align-right\"  id=\"row-440067970\">\n\n\t<div id=\"col-1275410046\" class=\"col medium-12 small-12 large-6\"  >\n\t\t\t\t<div class=\"col-inner\" style=\"background-color:rgb(255, 255, 255);\" >\n\t\t\t\n\t\t\t\n\t<div id=\"text-1216678033\" class=\"text\">\n\t\t\n<h2>Li\u00ean h\u1ec7<\/h2>\n\t\t\n<style>\n#text-1216678033 {\n  font-size: 1.25rem;\n}\n<\/style>\n\t<\/div>\n\t\n<p style=\"text-align: justify;\" data-start=\"188\" data-end=\"461\">Vi\u1ec7n Y h\u1ecdc bi\u1ec3n Vi\u1ec7t Nam tr\u00e2n tr\u1ecdng \u0111\u00f3n nh\u1eadn m\u1ecdi \u00fd ki\u1ebfn \u0111\u00f3ng g\u00f3p, trao \u0111\u1ed5i chuy\u00ean m\u00f4n v\u00e0 nhu c\u1ea7u t\u01b0 v\u1ea5n t\u1eeb qu\u00fd c\u01a1 quan, t\u1ed5 ch\u1ee9c v\u00e0 c\u00e1 nh\u00e2n.<br data-start=\"327\" data-end=\"330\" \/>Ch\u00fang t\u00f4i lu\u00f4n s\u1eb5n s\u00e0ng h\u1ed7 tr\u1ee3 qu\u00fd v\u1ecb trong c\u00e1c l\u0129nh v\u1ef1c y h\u1ecdc bi\u1ec3n, y h\u1ecdc h\u00e0ng h\u1ea3i, y h\u1ecdc lao \u0111\u1ed9ng v\u00e0 ch\u0103m s\u00f3c s\u1ee9c kho\u1ebb c\u1ed9ng \u0111\u1ed3ng.<\/p>\n<p data-start=\"463\" data-end=\"737\"><strong data-start=\"463\" data-end=\"484\">Th\u00f4ng tin li\u00ean h\u1ec7<\/strong><br data-start=\"484\" data-end=\"487\" \/>\ud83d\udccd <strong data-start=\"490\" data-end=\"502\">\u0110\u1ecba ch\u1ec9:<\/strong> 21 V\u00f5 Nguy\u00ean Gi\u00e1p, Ph\u01b0\u1eddng L\u00ea Ch\u00e2n, Th\u00e0nh ph\u1ed1 H\u1ea3i Ph\u00f2ng<br data-start=\"557\" data-end=\"560\" \/>\ud83d\udcde <strong data-start=\"563\" data-end=\"588\">\u0110i\u1ec7n tho\u1ea1i v\u0103n ph\u00f2ng:<\/strong> 0225 3 519 687<br data-start=\"603\" data-end=\"606\" \/>\ud83d\ude91 <strong data-start=\"609\" data-end=\"626\" data-is-only-node=\"\">C\u1ea5p c\u1ee9u 24\/7:<\/strong> 0225 3 519 317<br data-start=\"641\" data-end=\"644\" \/>\ud83c\udfe5 <strong data-start=\"647\" data-end=\"685\">T\u01b0 v\u1ea5n kh\u00e1m s\u1ee9c kho\u1ebb doanh nghi\u1ec7p:<\/strong> 0943 695 115<br data-start=\"698\" data-end=\"701\" \/>\u2709\ufe0f <strong data-start=\"704\" data-end=\"714\">Email:<\/strong> <a class=\"cursor-pointer\" rel=\"noopener\" data-start=\"715\" data-end=\"737\">vinimam@vinimam.org.vn<\/a><\/p>\n<p data-start=\"739\" data-end=\"772\">R\u1ea5t h\u00e2n h\u1ea1nh \u0111\u01b0\u1ee3c ph\u1ee5c v\u1ee5 qu\u00fd v\u1ecb!<\/p>\n<a class=\"button secondary\"  style=\"border-radius:5px;padding:5px 20px 5px 20px;\">\n    <span>Chi Ti\u1ebft<\/span>\n  <\/a>\n\n\t\t<\/div>\n\t\t\t\t\n<style>\n#col-1275410046 > .col-inner {\n  padding: 7% 8% 5% 8%;\n  margin: -50px 0 0px 0px;\n}\n@media (min-width:550px) {\n  #col-1275410046 > .col-inner {\n    padding: 6% 8% 5% 8%;\n  }\n}\n@media (min-width:850px) {\n  #col-1275410046 > .col-inner {\n    padding: 8% 8% 5% 8%;\n    margin: -290px 0px 0px 0px;\n  }\n}\n<\/style>\n\t<\/div>\n\n\t\n<\/div>\n\t\t<\/div>\n\n\t\t\n<style>\n#section_2011555416 {\n  padding-top: 30px;\n  padding-bottom: 30px;\n  background-color: #273647;\n}\n#section_2011555416 .ux-shape-divider--top svg {\n  height: 150px;\n  --divider-top-width: 100%;\n}\n#section_2011555416 .ux-shape-divider--bottom svg {\n  height: 150px;\n  --divider-width: 100%;\n}\n@media (min-width:550px) {\n  #section_2011555416 {\n    padding-top: 50px;\n    padding-bottom: 50px;\n  }\n}\n<\/style>\n\t<\/section>\n\t\n","protected":false},"excerpt":{"rendered":"","protected":false},"author":1,"featured_media":0,"parent":0,"menu_order":0,"comment_status":"closed","ping_status":"closed","template":"","meta":{"footnotes":""},"class_list":["post-511","page","type-page","status-publish","hentry"],"yoast_head":"<!-- This site is optimized with the Yoast SEO plugin v27.4 - https:\/\/yoast.com\/product\/yoast-seo-wordpress\/ -->\n<title>Li\u00ean h\u1ec7 - Vi\u1ec7n Y h\u1ecdc bi\u1ec3n | Vietnam National Institute of Maritime Medicine<\/title>\n<meta name=\"robots\" content=\"index, follow, max-snippet:-1, max-image-preview:large, max-video-preview:-1\" \/>\n<link rel=\"canonical\" href=\"https:\/\/vinimam.org.vn\/vinimam\/lien-he\/\" \/>\n<meta property=\"og:locale\" content=\"en_US\" \/>\n<meta property=\"og:type\" content=\"article\" \/>\n<meta property=\"og:title\" content=\"Li\u00ean h\u1ec7 - Vi\u1ec7n Y h\u1ecdc bi\u1ec3n | Vietnam National Institute of Maritime Medicine\" \/>\n<meta property=\"og:url\" content=\"https:\/\/vinimam.org.vn\/vinimam\/lien-he\/\" \/>\n<meta property=\"og:site_name\" content=\"Vi\u1ec7n Y h\u1ecdc bi\u1ec3n | Vietnam National Institute of Maritime Medicine\" \/>\n<meta property=\"article:publisher\" content=\"https:\/\/www.facebook.com\/vienyhocbienvietnam\" \/>\n<meta property=\"article:modified_time\" content=\"2025-07-03T02:58:31+00:00\" \/>\n<meta name=\"twitter:card\" content=\"summary_large_image\" \/>\n<meta name=\"twitter:label1\" content=\"Est. reading time\" \/>\n\t<meta name=\"twitter:data1\" content=\"1 minute\" \/>\n<script type=\"application\/ld+json\" class=\"yoast-schema-graph\">{\"@context\":\"https:\\\/\\\/schema.org\",\"@graph\":[{\"@type\":\"WebPage\",\"@id\":\"https:\\\/\\\/vinimam.org.vn\\\/vinimam\\\/lien-he\\\/\",\"url\":\"https:\\\/\\\/vinimam.org.vn\\\/vinimam\\\/lien-he\\\/\",\"name\":\"Li\u00ean h\u1ec7 - Vi\u1ec7n Y h\u1ecdc bi\u1ec3n | Vietnam National Institute of Maritime Medicine\",\"isPartOf\":{\"@id\":\"https:\\\/\\\/vinimam.org.vn\\\/vinimam\\\/#website\"},\"datePublished\":\"2023-09-22T08:41:00+00:00\",\"dateModified\":\"2025-07-03T02:58:31+00:00\",\"breadcrumb\":{\"@id\":\"https:\\\/\\\/vinimam.org.vn\\\/vinimam\\\/lien-he\\\/#breadcrumb\"},\"inLanguage\":\"en-US\",\"potentialAction\":[{\"@type\":\"ReadAction\",\"target\":[\"https:\\\/\\\/vinimam.org.vn\\\/vinimam\\\/lien-he\\\/\"]}]},{\"@type\":\"BreadcrumbList\",\"@id\":\"https:\\\/\\\/vinimam.org.vn\\\/vinimam\\\/lien-he\\\/#breadcrumb\",\"itemListElement\":[{\"@type\":\"ListItem\",\"position\":1,\"name\":\"Trang ch\u1ee7\",\"item\":\"https:\\\/\\\/vinimam.org.vn\\\/vinimam\\\/\"},{\"@type\":\"ListItem\",\"position\":2,\"name\":\"Li\u00ean h\u1ec7\"}]},{\"@type\":\"WebSite\",\"@id\":\"https:\\\/\\\/vinimam.org.vn\\\/vinimam\\\/#website\",\"url\":\"https:\\\/\\\/vinimam.org.vn\\\/vinimam\\\/\",\"name\":\"Vi\u1ec7n Y h\u1ecdc bi\u1ec3n | Vietnam National Institute of Maritime Medicine\",\"description\":\"B\u1ea3n L\u0129nh - Tr\u00ed Tu\u1ec7 - V\u01b0\u01a1n ra bi\u1ec3n l\u1edbn\",\"publisher\":{\"@id\":\"https:\\\/\\\/vinimam.org.vn\\\/vinimam\\\/#organization\"},\"potentialAction\":[{\"@type\":\"SearchAction\",\"target\":{\"@type\":\"EntryPoint\",\"urlTemplate\":\"https:\\\/\\\/vinimam.org.vn\\\/vinimam\\\/?s={search_term_string}\"},\"query-input\":{\"@type\":\"PropertyValueSpecification\",\"valueRequired\":true,\"valueName\":\"search_term_string\"}}],\"inLanguage\":\"en-US\"},{\"@type\":\"Organization\",\"@id\":\"https:\\\/\\\/vinimam.org.vn\\\/vinimam\\\/#organization\",\"name\":\"Vi\u1ec7n Y h\u1ecdc bi\u1ec3n | Vietnam National Institute of Maritime Medicine\",\"url\":\"https:\\\/\\\/vinimam.org.vn\\\/vinimam\\\/\",\"logo\":{\"@type\":\"ImageObject\",\"inLanguage\":\"en-US\",\"@id\":\"https:\\\/\\\/vinimam.org.vn\\\/vinimam\\\/#\\\/schema\\\/logo\\\/image\\\/\",\"url\":\"https:\\\/\\\/vinimam.org.vn\\\/vinimam\\\/wp-content\\\/uploads\\\/2023\\\/09\\\/logo-Vien-Y-hoc-bien-Viet-nam-oxy-cao-ap-scaled.jpg\",\"contentUrl\":\"https:\\\/\\\/vinimam.org.vn\\\/vinimam\\\/wp-content\\\/uploads\\\/2023\\\/09\\\/logo-Vien-Y-hoc-bien-Viet-nam-oxy-cao-ap-scaled.jpg\",\"width\":2560,\"height\":1280,\"caption\":\"Vi\u1ec7n Y h\u1ecdc bi\u1ec3n | Vietnam National Institute of Maritime Medicine\"},\"image\":{\"@id\":\"https:\\\/\\\/vinimam.org.vn\\\/vinimam\\\/#\\\/schema\\\/logo\\\/image\\\/\"},\"sameAs\":[\"https:\\\/\\\/www.facebook.com\\\/vienyhocbienvietnam\"]}]}<\/script>\n<!-- \/ Yoast SEO plugin. -->","yoast_head_json":{"title":"Li\u00ean h\u1ec7 - Vi\u1ec7n Y h\u1ecdc bi\u1ec3n | Vietnam National Institute of Maritime Medicine","robots":{"index":"index","follow":"follow","max-snippet":"max-snippet:-1","max-image-preview":"max-image-preview:large","max-video-preview":"max-video-preview:-1"},"canonical":"https:\/\/vinimam.org.vn\/vinimam\/lien-he\/","og_locale":"en_US","og_type":"article","og_title":"Li\u00ean h\u1ec7 - Vi\u1ec7n Y h\u1ecdc bi\u1ec3n | Vietnam National Institute of Maritime Medicine","og_url":"https:\/\/vinimam.org.vn\/vinimam\/lien-he\/","og_site_name":"Vi\u1ec7n Y h\u1ecdc bi\u1ec3n | Vietnam National Institute of Maritime Medicine","article_publisher":"https:\/\/www.facebook.com\/vienyhocbienvietnam","article_modified_time":"2025-07-03T02:58:31+00:00","twitter_card":"summary_large_image","twitter_misc":{"Est. reading time":"1 minute"},"schema":{"@context":"https:\/\/schema.org","@graph":[{"@type":"WebPage","@id":"https:\/\/vinimam.org.vn\/vinimam\/lien-he\/","url":"https:\/\/vinimam.org.vn\/vinimam\/lien-he\/","name":"Li\u00ean h\u1ec7 - Vi\u1ec7n Y h\u1ecdc bi\u1ec3n | Vietnam National Institute of Maritime Medicine","isPartOf":{"@id":"https:\/\/vinimam.org.vn\/vinimam\/#website"},"datePublished":"2023-09-22T08:41:00+00:00","dateModified":"2025-07-03T02:58:31+00:00","breadcrumb":{"@id":"https:\/\/vinimam.org.vn\/vinimam\/lien-he\/#breadcrumb"},"inLanguage":"en-US","potentialAction":[{"@type":"ReadAction","target":["https:\/\/vinimam.org.vn\/vinimam\/lien-he\/"]}]},{"@type":"BreadcrumbList","@id":"https:\/\/vinimam.org.vn\/vinimam\/lien-he\/#breadcrumb","itemListElement":[{"@type":"ListItem","position":1,"name":"Trang ch\u1ee7","item":"https:\/\/vinimam.org.vn\/vinimam\/"},{"@type":"ListItem","position":2,"name":"Li\u00ean h\u1ec7"}]},{"@type":"WebSite","@id":"https:\/\/vinimam.org.vn\/vinimam\/#website","url":"https:\/\/vinimam.org.vn\/vinimam\/","name":"Vi\u1ec7n Y h\u1ecdc bi\u1ec3n | Vietnam National Institute of Maritime Medicine","description":"B\u1ea3n L\u0129nh - Tr\u00ed Tu\u1ec7 - V\u01b0\u01a1n ra bi\u1ec3n l\u1edbn","publisher":{"@id":"https:\/\/vinimam.org.vn\/vinimam\/#organization"},"potentialAction":[{"@type":"SearchAction","target":{"@type":"EntryPoint","urlTemplate":"https:\/\/vinimam.org.vn\/vinimam\/?s={search_term_string}"},"query-input":{"@type":"PropertyValueSpecification","valueRequired":true,"valueName":"search_term_string"}}],"inLanguage":"en-US"},{"@type":"Organization","@id":"https:\/\/vinimam.org.vn\/vinimam\/#organization","name":"Vi\u1ec7n Y h\u1ecdc bi\u1ec3n | Vietnam National Institute of Maritime Medicine","url":"https:\/\/vinimam.org.vn\/vinimam\/","logo":{"@type":"ImageObject","inLanguage":"en-US","@id":"https:\/\/vinimam.org.vn\/vinimam\/#\/schema\/logo\/image\/","url":"https:\/\/vinimam.org.vn\/vinimam\/wp-content\/uploads\/2023\/09\/logo-Vien-Y-hoc-bien-Viet-nam-oxy-cao-ap-scaled.jpg","contentUrl":"https:\/\/vinimam.org.vn\/vinimam\/wp-content\/uploads\/2023\/09\/logo-Vien-Y-hoc-bien-Viet-nam-oxy-cao-ap-scaled.jpg","width":2560,"height":1280,"caption":"Vi\u1ec7n Y h\u1ecdc bi\u1ec3n | Vietnam National Institute of Maritime Medicine"},"image":{"@id":"https:\/\/vinimam.org.vn\/vinimam\/#\/schema\/logo\/image\/"},"sameAs":["https:\/\/www.facebook.com\/vienyhocbienvietnam"]}]}},"_links":{"self":[{"href":"https:\/\/vinimam.org.vn\/vinimam\/wp-json\/wp\/v2\/pages\/511","targetHints":{"allow":["GET"]}}],"collection":[{"href":"https:\/\/vinimam.org.vn\/vinimam\/wp-json\/wp\/v2\/pages"}],"about":[{"href":"https:\/\/vinimam.org.vn\/vinimam\/wp-json\/wp\/v2\/types\/page"}],"author":[{"embeddable":true,"href":"https:\/\/vinimam.org.vn\/vinimam\/wp-json\/wp\/v2\/users\/1"}],"replies":[{"embeddable":true,"href":"https:\/\/vinimam.org.vn\/vinimam\/wp-json\/wp\/v2\/comments?post=511"}],"version-history":[{"count":3,"href":"https:\/\/vinimam.org.vn\/vinimam\/wp-json\/wp\/v2\/pages\/511\/revisions"}],"predecessor-version":[{"id":1899,"href":"https:\/\/vinimam.org.vn\/vinimam\/wp-json\/wp\/v2\/pages\/511\/revisions\/1899"}],"wp:attachment":[{"href":"https:\/\/vinimam.org.vn\/vinimam\/wp-json\/wp\/v2\/media?parent=511"}],"curies":[{"name":"wp","href":"https:\/\/api.w.org\/{rel}","templated":true}]}}