{"id":2659,"date":"2026-01-08T14:40:33","date_gmt":"2026-01-08T07:40:33","guid":{"rendered":"https:\/\/vinimam.org.vn\/vinimam\/?page_id=2659"},"modified":"2026-04-13T10:56:21","modified_gmt":"2026-04-13T03:56:21","slug":"gioi-thieu-ve-trung-tam-dao-tao-y-hoc-bien","status":"publish","type":"page","link":"https:\/\/vinimam.org.vn\/vinimam\/dao-tao\/gioi-thieu-ve-trung-tam-dao-tao-y-hoc-bien\/","title":{"rendered":"Gi\u1edbi thi\u1ec7u v\u1ec1 Trung t\u00e2m \u0111\u00e0o t\u1ea1o Y h\u1ecdc bi\u1ec3n"},"content":{"rendered":"\t<section class=\"section\" id=\"section_2076047868\">\n\t\t<div class=\"bg section-bg fill bg-fill  \" >\n\n\t\t\t\n\t\t\t\n\t\t\t\n\n\t\t<\/div>\n\n\t\t\n\n\t\t<div class=\"section-content relative\">\n\t\t\t\n\t\t<\/div>\n\n\t\t\n<style>\n#section_2076047868 {\n  padding-top: 30px;\n  padding-bottom: 30px;\n  min-height: 300px;\n}\n#section_2076047868 .section-bg.bg-loaded {\n  background-image: url(https:\/\/vinimam.org.vn\/vinimam\/wp-content\/uploads\/2026\/01\/Trung-tam-dao-tao-1.jpg);\n}\n#section_2076047868 .section-bg {\n  background-position: 62% 52%;\n}\n#section_2076047868 .ux-shape-divider--top svg {\n  height: 150px;\n  --divider-top-width: 100%;\n}\n#section_2076047868 .ux-shape-divider--bottom svg {\n  height: 150px;\n  --divider-width: 100%;\n}\n@media (min-width:550px) {\n  #section_2076047868 {\n    min-height: 400px;\n  }\n}\n@media (min-width:850px) {\n  #section_2076047868 {\n    min-height: 500px;\n  }\n}\n<\/style>\n\t<\/section>\n\t\n\t<section class=\"section\" id=\"section_1407860024\">\n\t\t<div class=\"bg section-bg fill bg-fill  bg-loaded\" >\n\n\t\t\t\n\t\t\t\n\t\t\t\n\n\t\t<\/div>\n\n\t\t\n\n\t\t<div class=\"section-content relative\">\n\t\t\t\n<div class=\"row align-center\"  id=\"row-1797140063\">\n\n\t<div id=\"col-554389861\" class=\"col medium-12 small-12 large-6\"  >\n\t\t\t\t<div class=\"col-inner\"  >\n\t\t\t\n\t\t\t\n\t<div id=\"gap-1800400135\" class=\"gap-element clearfix\" style=\"display:block; height:auto;\">\n\t\t\n<style>\n#gap-1800400135 {\n  padding-top: 10px;\n}\n@media (min-width:550px) {\n  #gap-1800400135 {\n    padding-top: 20px;\n  }\n}\n@media (min-width:850px) {\n  #gap-1800400135 {\n    padding-top: 30px;\n  }\n}\n<\/style>\n\t<\/div>\n\t\n\t<div id=\"text-707716198\" class=\"text\">\n\t\t\n<h2>N\u00c2NG CAO N\u0102NG L\u1ef0C<br \/>Y H\u1eccC BI\u1ec2N<\/h2>\n\t\t\n<style>\n#text-707716198 {\n  font-size: 1.55rem;\n}\n<\/style>\n\t<\/div>\n\t\n<p class=\"lead\" style=\"text-align: justify;\">Trung t\u00e2m \u0110\u00e0o t\u1ea1o Y h\u1ecdc bi\u1ec3n tr\u1ef1c thu\u1ed9c Vi\u1ec7n Y h\u1ecdc bi\u1ec3n, t\u1ed5 ch\u1ee9c \u0111\u00e0o t\u1ea1o li\u00ean t\u1ee5c, b\u1ed3i d\u01b0\u1ee1ng chuy\u00ean m\u00f4n v\u00e0 h\u1ed7 tr\u1ee3 tri\u1ec3n khai \u1ee9ng d\u1ee5ng trong th\u1ef1c ti\u1ec5n. Ch\u01b0\u01a1ng tr\u00ecnh x\u00e2y d\u1ef1ng theo ti\u00eau chu\u1ea9n c\u1ee7a B\u1ed9 Y t\u1ebf, ch\u00fa tr\u1ecdng th\u1ef1c h\u00e0nh v\u00e0 c\u1ea5p ch\u1ee9ng ch\u1ec9 theo quy \u0111\u1ecbnh.<\/p>\n\t\t<\/div>\n\t\t\t\t\n<style>\n#col-554389861 > .col-inner {\n  padding: 0px 10% 0px 0px;\n}\n<\/style>\n\t<\/div>\n\n\t\n\n\t<div id=\"col-577153478\" class=\"col medium-12 small-12 large-6\"  >\n\t\t\t\t<div class=\"col-inner\" style=\"background-color:rgb(241, 241, 241);\" >\n\t\t\t\n\t<div class=\"is-border\"\n\t\tstyle=\"border-color:rgb(219, 216, 0);border-width:10px 0px 0px 0px;\">\n\t<\/div>\n\t\t\t\n\t<div id=\"text-3986870843\" class=\"text\">\n\t\t\n<h3>Th\u00f4ng tin<\/h3>\n\t\t\n<style>\n#text-3986870843 {\n  font-size: 1.25rem;\n}\n<\/style>\n\t<\/div>\n\t\n<ul>\n<li style=\"text-align: justify;\" data-start=\"459\" data-end=\"757\"><strong data-start=\"459\" data-end=\"482\">L\u1ecbch s\u1eed h\u00ecnh th\u00e0nh:<\/strong>\n<p data-start=\"459\" data-end=\"757\">\u201cTrung t\u00e2m \u0111\u00e0o t\u1ea1o Y h\u1ecdc bi\u1ec3n \u0111\u01b0\u1ee3c th\u00e0nh l\u1eadp theo Quy\u1ebft \u0111\u1ecbnh s\u1ed1 3592\/Q\u0110-BYT ng\u00e0y 30 th\u00e1ng 9 n\u0103m 2010 c\u1ee7a B\u1ed9 tr\u01b0\u1edfng B\u1ed9 Y t\u1ebf, tr\u00ean c\u01a1 s\u1edf t\u00e1ch b\u1ed9 ph\u1eadn \u0111\u00e0o t\u1ea1o thu\u1ed9c Ph\u00f2ng Khoa h\u1ecdc v\u00e0 \u0110\u00e0o t\u1ea1o c\u1ee7a Vi\u1ec7n, Trung t\u00e2m l\u00e0 \u0111\u01a1n v\u1ecb tr\u1ef1c thu\u1ed9c Vi\u1ec7n.\u201d<\/p>\n<\/li>\n<li style=\"text-align: justify;\" data-start=\"459\" data-end=\"757\">\n<p data-start=\"459\" data-end=\"757\"><strong style=\"color: #333333;\" data-start=\"760\" data-end=\"774\">Ch\u1ee9c n\u0103ng:<br \/><\/strong>\u201cTrung t\u00e2m \u0111\u00e0o t\u1ea1o Y h\u1ecdc bi\u1ec3n thu\u1ed9c Vi\u1ec7n Y h\u1ecdc bi\u1ec3n c\u00f3 ch\u1ee9c n\u0103ng qu\u1ea3n l\u00fd v\u00e0 t\u1ed5 ch\u1ee9c th\u1ef1c hi\u1ec7n c\u00e1c ho\u1ea1t \u0111\u1ed9ng \u0111\u00e0o t\u1ea1o li\u00ean t\u1ee5c, b\u1ed3i d\u01b0\u1ee1ng ki\u1ebfn th\u1ee9c chuy\u00ean m\u00f4n, chuy\u1ec3n giao k\u1ef9 thu\u1eadt c\u00f4ng ngh\u1ec7 v\u00e0 c\u00e1c lo\u1ea1i h\u00ecnh \u0111\u00e0o t\u1ea1o kh\u00e1c v\u1ec1 y h\u1ecdc, y h\u1ecdc bi\u1ec3n\u2026<\/p>\n<\/li>\n<\/ul>\n<p style=\"text-align: justify;\">\u00a0<\/p>\n\t\t<\/div>\n\t\t\t\t\n<style>\n#col-577153478 > .col-inner {\n  padding: 15% 10% 5% 10%;\n  margin: 0 0px 0px 0px;\n}\n@media (min-width:550px) {\n  #col-577153478 > .col-inner {\n    padding: 10% 10% 8% 10%;\n  }\n}\n@media (min-width:850px) {\n  #col-577153478 > .col-inner {\n    padding: 15% 15% 10% 15%;\n    margin: -172px 0px 0px 0px;\n  }\n}\n<\/style>\n\t<\/div>\n\n\t\n<\/div>\n\t\t<\/div>\n\n\t\t\n<style>\n#section_1407860024 {\n  padding-top: 30px;\n  padding-bottom: 30px;\n}\n#section_1407860024 .ux-shape-divider--top svg {\n  height: 150px;\n  --divider-top-width: 100%;\n}\n#section_1407860024 .ux-shape-divider--bottom svg {\n  height: 150px;\n  --divider-width: 100%;\n}\n<\/style>\n\t<\/section>\n\t\n\t<section class=\"section\" id=\"section_864148715\">\n\t\t<div class=\"bg section-bg fill bg-fill  bg-loaded\" >\n\n\t\t\t\n\t\t\t\n\t\t\t\n\n\t\t<\/div>\n\n\t\t\n\n\t\t<div class=\"section-content relative\">\n\t\t\t\n<div class=\"row row-collapse align-center\"  id=\"row-566267159\">\n\n\t<div id=\"col-54507121\" class=\"col medium-11 small-11 large-12\"  >\n\t\t\t\t<div class=\"col-inner\"  >\n\t\t\t\n\t\t\t\n<div class=\"row row-collapse align-equal align-center\"  id=\"row-609486556\">\n\n\t<div id=\"col-1938992069\" class=\"col medium-12 small-12 large-4\"  >\n\t\t\t\t<div class=\"col-inner\"  >\n\t\t\t\n\t\t\t\n\n  <div class=\"banner has-hover\" id=\"banner-1666091873\">\n          <div class=\"banner-inner fill\">\n        <div class=\"banner-bg fill\" >\n            <div class=\"bg fill bg-fill \"><\/div>\n                                    \n                    <\/div>\n\t\t\n        <div class=\"banner-layers container\">\n            <div class=\"fill banner-link\"><\/div>            \n        <\/div>\n      <\/div>\n\n            \n<style>\n#banner-1666091873 {\n  padding-top: 300px;\n  background-color: rgba(255, 255, 255, 0);\n}\n#banner-1666091873 .bg.bg-loaded {\n  background-image: url(https:\/\/vinimam.org.vn\/vinimam\/wp-content\/uploads\/2026\/01\/IMG_5684.jpg);\n}\n#banner-1666091873 .bg {\n  background-position: 39% 74%;\n}\n#banner-1666091873 .ux-shape-divider--top svg {\n  height: 150px;\n  --divider-top-width: 100%;\n}\n#banner-1666091873 .ux-shape-divider--bottom svg {\n  height: 150px;\n  --divider-width: 100%;\n}\n@media (min-width:550px) {\n  #banner-1666091873 {\n    padding-top: 600px;\n  }\n}\n@media (min-width:850px) {\n  #banner-1666091873 {\n    padding-top: 500px;\n  }\n}\n<\/style>\n  <\/div>\n\n\n\t\t<\/div>\n\t\t\t\t\t<\/div>\n\n\t\n\n\t<div id=\"col-1139378445\" class=\"col medium-12 small-12 large-8 medium-col-first\"  >\n\t\t\t\t<div class=\"col-inner text-center\" style=\"background-color:rgb(255, 255, 255);\" >\n\t\t\t\n\t\t\t\n\n  <div class=\"banner has-hover\" id=\"banner-522770049\">\n          <div class=\"banner-inner fill\">\n        <div class=\"banner-bg fill\" >\n            <div class=\"bg fill bg-fill \"><\/div>\n                                    \n                    <\/div>\n\t\t\n        <div class=\"banner-layers container\">\n            <div class=\"fill banner-link\"><\/div>            \n        <\/div>\n      <\/div>\n\n            \n<style>\n#banner-522770049 {\n  padding-top: 250px;\n  background-color: rgba(255, 255, 255, 0);\n}\n#banner-522770049 .bg.bg-loaded {\n  background-image: url(https:\/\/vinimam.org.vn\/vinimam\/wp-content\/uploads\/2026\/01\/dao-tao-3-1067x800.jpg);\n}\n#banner-522770049 .bg {\n  background-position: 21% 55%;\n}\n#banner-522770049 .ux-shape-divider--top svg {\n  height: 150px;\n  --divider-top-width: 100%;\n}\n#banner-522770049 .ux-shape-divider--bottom svg {\n  height: 150px;\n  --divider-width: 100%;\n}\n<\/style>\n  <\/div>\n\n\n<div class=\"row row-collapse align-middle\"  id=\"row-1006626966\">\n\n\t<div id=\"col-2112577157\" class=\"col medium-6 small-12 large-6\"  >\n\t\t\t\t<div class=\"col-inner\"  >\n\t\t\t\n\t\t\t\n\t<div id=\"gap-1100384522\" class=\"gap-element clearfix\" style=\"display:block; height:auto;\">\n\t\t\n<style>\n#gap-1100384522 {\n  padding-top: 10px;\n}\n<\/style>\n\t<\/div>\n\t\n<a class=\"button secondary\"  style=\"border-radius:5px;\">\n    <span>\u0110\u0103ng k\u00fd kh\u00f3a h\u1ecdc<\/span>\n  <\/a>\n\n\t\t<\/div>\n\t\t\t\t\n<style>\n#col-2112577157 > .col-inner {\n  padding: 30px 5% 30px 5%;\n}\n@media (min-width:550px) {\n  #col-2112577157 > .col-inner {\n    padding: 0px 5% 0px 5%;\n  }\n}\n<\/style>\n\t<\/div>\n\n\t\n\n\t<div id=\"col-1259863418\" class=\"col medium-6 small-12 large-6\"  >\n\t\t\t\t<div class=\"col-inner\"  >\n\t\t\t\n\t\t\t\n\n  <div class=\"banner has-hover\" id=\"banner-332933345\">\n          <div class=\"banner-inner fill\">\n        <div class=\"banner-bg fill\" >\n            <div class=\"bg fill bg-fill \"><\/div>\n                                    \n                    <\/div>\n\t\t\n        <div class=\"banner-layers container\">\n            <div class=\"fill banner-link\"><\/div>            \n   <div id=\"text-box-766905940\" class=\"text-box banner-layer x50 md-x50 lg-x50 y50 md-y50 lg-y50 res-text\">\n                                <div class=\"text-box-content text dark\">\n              \n              <div class=\"text-inner text-center\">\n                  \n              <\/div>\n           <\/div>\n                            \n<style>\n#text-box-766905940 {\n  width: 60%;\n}\n#text-box-766905940 .text-box-content {\n  font-size: 100%;\n}\n<\/style>\n    <\/div>\n \n        <\/div>\n      <\/div>\n\n            \n<style>\n#banner-332933345 {\n  padding-top: 250px;\n  background-color: rgba(255, 255, 255, 0);\n}\n#banner-332933345 .bg.bg-loaded {\n  background-image: url(https:\/\/vinimam.org.vn\/vinimam\/wp-content\/uploads\/2026\/01\/IMG_9841-1200x800.jpg);\n}\n#banner-332933345 .bg {\n  background-position: 100% 69%;\n}\n#banner-332933345 .ux-shape-divider--top svg {\n  height: 150px;\n  --divider-top-width: 100%;\n}\n#banner-332933345 .ux-shape-divider--bottom svg {\n  height: 150px;\n  --divider-width: 100%;\n}\n<\/style>\n  <\/div>\n\n\n\t\t<\/div>\n\t\t\t\t\t<\/div>\n\n\t\n<\/div>\n\t\t<\/div>\n\t\t\t\t\t<\/div>\n\n\t\n<\/div>\n\t\t<\/div>\n\t\t\t\t\n<style>\n#col-54507121 > .col-inner {\n  padding: 0px 0px 0px 0px;\n}\n<\/style>\n\t<\/div>\n\n\t\n<\/div>\n\t\t<\/div>\n\n\t\t\n<style>\n#section_864148715 {\n  padding-top: 70px;\n  padding-bottom: 70px;\n  background-color: rgb(250, 246, 10);\n}\n#section_864148715 .ux-shape-divider--top svg {\n  height: 150px;\n  --divider-top-width: 100%;\n}\n#section_864148715 .ux-shape-divider--bottom svg {\n  height: 150px;\n  --divider-width: 100%;\n}\n@media (min-width:550px) {\n  #section_864148715 {\n    padding-top: 90px;\n    padding-bottom: 90px;\n  }\n}\n@media (min-width:850px) {\n  #section_864148715 {\n    padding-top: 110px;\n    padding-bottom: 110px;\n  }\n}\n<\/style>\n\t<\/section>\n\t\n","protected":false},"excerpt":{"rendered":"","protected":false},"author":1,"featured_media":0,"parent":503,"menu_order":0,"comment_status":"closed","ping_status":"closed","template":"","meta":{"footnotes":""},"class_list":["post-2659","page","type-page","status-publish","hentry"],"yoast_head":"<!-- This site is optimized with the Yoast SEO plugin v27.4 - https:\/\/yoast.com\/product\/yoast-seo-wordpress\/ -->\n<title>Gi\u1edbi thi\u1ec7u v\u1ec1 Trung t\u00e2m \u0111\u00e0o t\u1ea1o Y h\u1ecdc bi\u1ec3n - Vi\u1ec7n Y h\u1ecdc bi\u1ec3n | Vietnam National Institute of Maritime Medicine<\/title>\n<meta name=\"robots\" content=\"index, follow, max-snippet:-1, max-image-preview:large, max-video-preview:-1\" \/>\n<link rel=\"canonical\" href=\"https:\/\/vinimam.org.vn\/vinimam\/dao-tao\/gioi-thieu-ve-trung-tam-dao-tao-y-hoc-bien\/\" \/>\n<meta property=\"og:locale\" content=\"en_US\" \/>\n<meta property=\"og:type\" content=\"article\" \/>\n<meta property=\"og:title\" content=\"Gi\u1edbi thi\u1ec7u v\u1ec1 Trung t\u00e2m \u0111\u00e0o t\u1ea1o Y h\u1ecdc bi\u1ec3n - Vi\u1ec7n Y h\u1ecdc bi\u1ec3n | Vietnam National Institute of Maritime Medicine\" \/>\n<meta property=\"og:url\" content=\"https:\/\/vinimam.org.vn\/vinimam\/dao-tao\/gioi-thieu-ve-trung-tam-dao-tao-y-hoc-bien\/\" \/>\n<meta property=\"og:site_name\" content=\"Vi\u1ec7n Y h\u1ecdc bi\u1ec3n | Vietnam National Institute of Maritime Medicine\" \/>\n<meta property=\"article:publisher\" content=\"https:\/\/www.facebook.com\/vienyhocbienvietnam\" \/>\n<meta property=\"article:modified_time\" content=\"2026-04-13T03:56:21+00:00\" \/>\n<meta name=\"twitter:card\" content=\"summary_large_image\" \/>\n<script type=\"application\/ld+json\" class=\"yoast-schema-graph\">{\"@context\":\"https:\\\/\\\/schema.org\",\"@graph\":[{\"@type\":\"WebPage\",\"@id\":\"https:\\\/\\\/vinimam.org.vn\\\/vinimam\\\/dao-tao\\\/gioi-thieu-ve-trung-tam-dao-tao-y-hoc-bien\\\/\",\"url\":\"https:\\\/\\\/vinimam.org.vn\\\/vinimam\\\/dao-tao\\\/gioi-thieu-ve-trung-tam-dao-tao-y-hoc-bien\\\/\",\"name\":\"Gi\u1edbi thi\u1ec7u v\u1ec1 Trung t\u00e2m \u0111\u00e0o t\u1ea1o Y h\u1ecdc bi\u1ec3n - Vi\u1ec7n Y h\u1ecdc bi\u1ec3n | Vietnam National Institute of Maritime Medicine\",\"isPartOf\":{\"@id\":\"https:\\\/\\\/vinimam.org.vn\\\/vinimam\\\/#website\"},\"datePublished\":\"2026-01-08T07:40:33+00:00\",\"dateModified\":\"2026-04-13T03:56:21+00:00\",\"breadcrumb\":{\"@id\":\"https:\\\/\\\/vinimam.org.vn\\\/vinimam\\\/dao-tao\\\/gioi-thieu-ve-trung-tam-dao-tao-y-hoc-bien\\\/#breadcrumb\"},\"inLanguage\":\"en-US\",\"potentialAction\":[{\"@type\":\"ReadAction\",\"target\":[\"https:\\\/\\\/vinimam.org.vn\\\/vinimam\\\/dao-tao\\\/gioi-thieu-ve-trung-tam-dao-tao-y-hoc-bien\\\/\"]}]},{\"@type\":\"BreadcrumbList\",\"@id\":\"https:\\\/\\\/vinimam.org.vn\\\/vinimam\\\/dao-tao\\\/gioi-thieu-ve-trung-tam-dao-tao-y-hoc-bien\\\/#breadcrumb\",\"itemListElement\":[{\"@type\":\"ListItem\",\"position\":1,\"name\":\"Trang ch\u1ee7\",\"item\":\"https:\\\/\\\/vinimam.org.vn\\\/vinimam\\\/\"},{\"@type\":\"ListItem\",\"position\":2,\"name\":\"\u0110\u00e0o t\u1ea1o\",\"item\":\"https:\\\/\\\/vinimam.org.vn\\\/vinimam\\\/dao-tao\\\/\"},{\"@type\":\"ListItem\",\"position\":3,\"name\":\"Gi\u1edbi thi\u1ec7u v\u1ec1 Trung t\u00e2m \u0111\u00e0o t\u1ea1o Y h\u1ecdc bi\u1ec3n\"}]},{\"@type\":\"WebSite\",\"@id\":\"https:\\\/\\\/vinimam.org.vn\\\/vinimam\\\/#website\",\"url\":\"https:\\\/\\\/vinimam.org.vn\\\/vinimam\\\/\",\"name\":\"Vi\u1ec7n Y h\u1ecdc bi\u1ec3n | Vietnam National Institute of Maritime Medicine\",\"description\":\"B\u1ea3n L\u0129nh - Tr\u00ed Tu\u1ec7 - V\u01b0\u01a1n ra bi\u1ec3n l\u1edbn\",\"publisher\":{\"@id\":\"https:\\\/\\\/vinimam.org.vn\\\/vinimam\\\/#organization\"},\"potentialAction\":[{\"@type\":\"SearchAction\",\"target\":{\"@type\":\"EntryPoint\",\"urlTemplate\":\"https:\\\/\\\/vinimam.org.vn\\\/vinimam\\\/?s={search_term_string}\"},\"query-input\":{\"@type\":\"PropertyValueSpecification\",\"valueRequired\":true,\"valueName\":\"search_term_string\"}}],\"inLanguage\":\"en-US\"},{\"@type\":\"Organization\",\"@id\":\"https:\\\/\\\/vinimam.org.vn\\\/vinimam\\\/#organization\",\"name\":\"Vi\u1ec7n Y h\u1ecdc bi\u1ec3n | Vietnam National Institute of Maritime Medicine\",\"url\":\"https:\\\/\\\/vinimam.org.vn\\\/vinimam\\\/\",\"logo\":{\"@type\":\"ImageObject\",\"inLanguage\":\"en-US\",\"@id\":\"https:\\\/\\\/vinimam.org.vn\\\/vinimam\\\/#\\\/schema\\\/logo\\\/image\\\/\",\"url\":\"https:\\\/\\\/vinimam.org.vn\\\/vinimam\\\/wp-content\\\/uploads\\\/2023\\\/09\\\/logo-Vien-Y-hoc-bien-Viet-nam-oxy-cao-ap-scaled.jpg\",\"contentUrl\":\"https:\\\/\\\/vinimam.org.vn\\\/vinimam\\\/wp-content\\\/uploads\\\/2023\\\/09\\\/logo-Vien-Y-hoc-bien-Viet-nam-oxy-cao-ap-scaled.jpg\",\"width\":2560,\"height\":1280,\"caption\":\"Vi\u1ec7n Y h\u1ecdc bi\u1ec3n | Vietnam National Institute of Maritime Medicine\"},\"image\":{\"@id\":\"https:\\\/\\\/vinimam.org.vn\\\/vinimam\\\/#\\\/schema\\\/logo\\\/image\\\/\"},\"sameAs\":[\"https:\\\/\\\/www.facebook.com\\\/vienyhocbienvietnam\"]}]}<\/script>\n<!-- \/ Yoast SEO plugin. -->","yoast_head_json":{"title":"Gi\u1edbi thi\u1ec7u v\u1ec1 Trung t\u00e2m \u0111\u00e0o t\u1ea1o Y h\u1ecdc bi\u1ec3n - Vi\u1ec7n Y h\u1ecdc bi\u1ec3n | Vietnam National Institute of Maritime Medicine","robots":{"index":"index","follow":"follow","max-snippet":"max-snippet:-1","max-image-preview":"max-image-preview:large","max-video-preview":"max-video-preview:-1"},"canonical":"https:\/\/vinimam.org.vn\/vinimam\/dao-tao\/gioi-thieu-ve-trung-tam-dao-tao-y-hoc-bien\/","og_locale":"en_US","og_type":"article","og_title":"Gi\u1edbi thi\u1ec7u v\u1ec1 Trung t\u00e2m \u0111\u00e0o t\u1ea1o Y h\u1ecdc bi\u1ec3n - Vi\u1ec7n Y h\u1ecdc bi\u1ec3n | Vietnam National Institute of Maritime Medicine","og_url":"https:\/\/vinimam.org.vn\/vinimam\/dao-tao\/gioi-thieu-ve-trung-tam-dao-tao-y-hoc-bien\/","og_site_name":"Vi\u1ec7n Y h\u1ecdc bi\u1ec3n | Vietnam National Institute of Maritime Medicine","article_publisher":"https:\/\/www.facebook.com\/vienyhocbienvietnam","article_modified_time":"2026-04-13T03:56:21+00:00","twitter_card":"summary_large_image","schema":{"@context":"https:\/\/schema.org","@graph":[{"@type":"WebPage","@id":"https:\/\/vinimam.org.vn\/vinimam\/dao-tao\/gioi-thieu-ve-trung-tam-dao-tao-y-hoc-bien\/","url":"https:\/\/vinimam.org.vn\/vinimam\/dao-tao\/gioi-thieu-ve-trung-tam-dao-tao-y-hoc-bien\/","name":"Gi\u1edbi thi\u1ec7u v\u1ec1 Trung t\u00e2m \u0111\u00e0o t\u1ea1o Y h\u1ecdc bi\u1ec3n - Vi\u1ec7n Y h\u1ecdc bi\u1ec3n | Vietnam National Institute of Maritime Medicine","isPartOf":{"@id":"https:\/\/vinimam.org.vn\/vinimam\/#website"},"datePublished":"2026-01-08T07:40:33+00:00","dateModified":"2026-04-13T03:56:21+00:00","breadcrumb":{"@id":"https:\/\/vinimam.org.vn\/vinimam\/dao-tao\/gioi-thieu-ve-trung-tam-dao-tao-y-hoc-bien\/#breadcrumb"},"inLanguage":"en-US","potentialAction":[{"@type":"ReadAction","target":["https:\/\/vinimam.org.vn\/vinimam\/dao-tao\/gioi-thieu-ve-trung-tam-dao-tao-y-hoc-bien\/"]}]},{"@type":"BreadcrumbList","@id":"https:\/\/vinimam.org.vn\/vinimam\/dao-tao\/gioi-thieu-ve-trung-tam-dao-tao-y-hoc-bien\/#breadcrumb","itemListElement":[{"@type":"ListItem","position":1,"name":"Trang ch\u1ee7","item":"https:\/\/vinimam.org.vn\/vinimam\/"},{"@type":"ListItem","position":2,"name":"\u0110\u00e0o t\u1ea1o","item":"https:\/\/vinimam.org.vn\/vinimam\/dao-tao\/"},{"@type":"ListItem","position":3,"name":"Gi\u1edbi thi\u1ec7u v\u1ec1 Trung t\u00e2m \u0111\u00e0o t\u1ea1o Y h\u1ecdc bi\u1ec3n"}]},{"@type":"WebSite","@id":"https:\/\/vinimam.org.vn\/vinimam\/#website","url":"https:\/\/vinimam.org.vn\/vinimam\/","name":"Vi\u1ec7n Y h\u1ecdc bi\u1ec3n | Vietnam National Institute of Maritime Medicine","description":"B\u1ea3n L\u0129nh - Tr\u00ed Tu\u1ec7 - V\u01b0\u01a1n ra bi\u1ec3n l\u1edbn","publisher":{"@id":"https:\/\/vinimam.org.vn\/vinimam\/#organization"},"potentialAction":[{"@type":"SearchAction","target":{"@type":"EntryPoint","urlTemplate":"https:\/\/vinimam.org.vn\/vinimam\/?s={search_term_string}"},"query-input":{"@type":"PropertyValueSpecification","valueRequired":true,"valueName":"search_term_string"}}],"inLanguage":"en-US"},{"@type":"Organization","@id":"https:\/\/vinimam.org.vn\/vinimam\/#organization","name":"Vi\u1ec7n Y h\u1ecdc bi\u1ec3n | Vietnam National Institute of Maritime Medicine","url":"https:\/\/vinimam.org.vn\/vinimam\/","logo":{"@type":"ImageObject","inLanguage":"en-US","@id":"https:\/\/vinimam.org.vn\/vinimam\/#\/schema\/logo\/image\/","url":"https:\/\/vinimam.org.vn\/vinimam\/wp-content\/uploads\/2023\/09\/logo-Vien-Y-hoc-bien-Viet-nam-oxy-cao-ap-scaled.jpg","contentUrl":"https:\/\/vinimam.org.vn\/vinimam\/wp-content\/uploads\/2023\/09\/logo-Vien-Y-hoc-bien-Viet-nam-oxy-cao-ap-scaled.jpg","width":2560,"height":1280,"caption":"Vi\u1ec7n Y h\u1ecdc bi\u1ec3n | Vietnam National Institute of Maritime Medicine"},"image":{"@id":"https:\/\/vinimam.org.vn\/vinimam\/#\/schema\/logo\/image\/"},"sameAs":["https:\/\/www.facebook.com\/vienyhocbienvietnam"]}]}},"_links":{"self":[{"href":"https:\/\/vinimam.org.vn\/vinimam\/wp-json\/wp\/v2\/pages\/2659","targetHints":{"allow":["GET"]}}],"collection":[{"href":"https:\/\/vinimam.org.vn\/vinimam\/wp-json\/wp\/v2\/pages"}],"about":[{"href":"https:\/\/vinimam.org.vn\/vinimam\/wp-json\/wp\/v2\/types\/page"}],"author":[{"embeddable":true,"href":"https:\/\/vinimam.org.vn\/vinimam\/wp-json\/wp\/v2\/users\/1"}],"replies":[{"embeddable":true,"href":"https:\/\/vinimam.org.vn\/vinimam\/wp-json\/wp\/v2\/comments?post=2659"}],"version-history":[{"count":6,"href":"https:\/\/vinimam.org.vn\/vinimam\/wp-json\/wp\/v2\/pages\/2659\/revisions"}],"predecessor-version":[{"id":2914,"href":"https:\/\/vinimam.org.vn\/vinimam\/wp-json\/wp\/v2\/pages\/2659\/revisions\/2914"}],"up":[{"embeddable":true,"href":"https:\/\/vinimam.org.vn\/vinimam\/wp-json\/wp\/v2\/pages\/503"}],"wp:attachment":[{"href":"https:\/\/vinimam.org.vn\/vinimam\/wp-json\/wp\/v2\/media?parent=2659"}],"curies":[{"name":"wp","href":"https:\/\/api.w.org\/{rel}","templated":true}]}}