{"id":1133,"date":"2024-05-27T14:42:25","date_gmt":"2024-05-27T07:42:25","guid":{"rendered":"https:\/\/vinimam.org.vn\/vinimam\/?page_id=1133"},"modified":"2025-12-06T13:51:38","modified_gmt":"2025-12-06T06:51:38","slug":"dang-ky-kham-benh-online-2","status":"publish","type":"page","link":"https:\/\/vinimam.org.vn\/vinimam\/dang-ky-kham-benh-online-2\/","title":{"rendered":"\u0110\u0103ng k\u00fd kh\u00e1m b\u1ec7nh online"},"content":{"rendered":"\t<div id=\"gap-467832067\" class=\"gap-element clearfix\" style=\"display:block; height:auto;\">\n\t\t\n<style>\n#gap-467832067 {\n  padding-top: 77px;\n}\n<\/style>\n\t<\/div>\n\t\n<p><iframe loading=\"lazy\" src=\"https:\/\/docs.google.com\/forms\/d\/e\/1FAIpQLSdORVaKCdKT6wx63SLxZC-iFwhUUJ-g2tLYU3KADzmUhRbpWw\/viewform?embedded=true\" width=\"640\" height=\"2139\" frameborder=\"0\" marginheight=\"0\" marginwidth=\"0\">\u0110ang t\u1ea3i\u2026<\/iframe><\/p>\n","protected":false},"excerpt":{"rendered":"<p>\u0110ang t\u1ea3i\u2026<\/p>\n","protected":false},"author":1,"featured_media":1131,"parent":0,"menu_order":0,"comment_status":"closed","ping_status":"closed","template":"page-blank-title-center.php","meta":{"footnotes":""},"class_list":["post-1133","page","type-page","status-publish","has-post-thumbnail","hentry"],"yoast_head":"<!-- This site is optimized with the Yoast SEO plugin v27.4 - https:\/\/yoast.com\/product\/yoast-seo-wordpress\/ -->\n<title>\u0110\u0103ng k\u00fd kh\u00e1m b\u1ec7nh online - Vi\u1ec7n Y h\u1ecdc bi\u1ec3n | Vietnam National Institute of Maritime Medicine<\/title>\n<meta name=\"robots\" content=\"index, follow, max-snippet:-1, max-image-preview:large, max-video-preview:-1\" \/>\n<link rel=\"canonical\" href=\"https:\/\/vinimam.org.vn\/vinimam\/dang-ky-kham-benh-online-2\/\" \/>\n<meta property=\"og:locale\" content=\"en_US\" \/>\n<meta property=\"og:type\" content=\"article\" \/>\n<meta property=\"og:title\" content=\"\u0110\u0103ng k\u00fd kh\u00e1m b\u1ec7nh online - Vi\u1ec7n Y h\u1ecdc bi\u1ec3n | Vietnam National Institute of Maritime Medicine\" \/>\n<meta property=\"og:description\" content=\"\u0110ang t\u1ea3i\u2026\" \/>\n<meta property=\"og:url\" content=\"https:\/\/vinimam.org.vn\/vinimam\/dang-ky-kham-benh-online-2\/\" \/>\n<meta property=\"og:site_name\" content=\"Vi\u1ec7n Y h\u1ecdc bi\u1ec3n | Vietnam National Institute of Maritime Medicine\" \/>\n<meta property=\"article:publisher\" content=\"https:\/\/www.facebook.com\/vienyhocbienvietnam\" \/>\n<meta property=\"article:modified_time\" content=\"2025-12-06T06:51:38+00:00\" \/>\n<meta property=\"og:image\" content=\"https:\/\/vinimam.org.vn\/vinimam\/wp-content\/uploads\/2024\/05\/dang-ky-kham-benh-online.jpg\" \/>\n\t<meta property=\"og:image:width\" content=\"1280\" \/>\n\t<meta property=\"og:image:height\" content=\"597\" \/>\n\t<meta property=\"og:image:type\" content=\"image\/jpeg\" \/>\n<meta name=\"twitter:card\" content=\"summary_large_image\" \/>\n<meta name=\"twitter:label1\" content=\"Est. reading time\" \/>\n\t<meta name=\"twitter:data1\" content=\"1 minute\" \/>\n<script type=\"application\/ld+json\" class=\"yoast-schema-graph\">{\"@context\":\"https:\\\/\\\/schema.org\",\"@graph\":[{\"@type\":\"WebPage\",\"@id\":\"https:\\\/\\\/vinimam.org.vn\\\/vinimam\\\/dang-ky-kham-benh-online-2\\\/\",\"url\":\"https:\\\/\\\/vinimam.org.vn\\\/vinimam\\\/dang-ky-kham-benh-online-2\\\/\",\"name\":\"\u0110\u0103ng k\u00fd kh\u00e1m b\u1ec7nh online - Vi\u1ec7n Y h\u1ecdc bi\u1ec3n | Vietnam National Institute of Maritime Medicine\",\"isPartOf\":{\"@id\":\"https:\\\/\\\/vinimam.org.vn\\\/vinimam\\\/#website\"},\"primaryImageOfPage\":{\"@id\":\"https:\\\/\\\/vinimam.org.vn\\\/vinimam\\\/dang-ky-kham-benh-online-2\\\/#primaryimage\"},\"image\":{\"@id\":\"https:\\\/\\\/vinimam.org.vn\\\/vinimam\\\/dang-ky-kham-benh-online-2\\\/#primaryimage\"},\"thumbnailUrl\":\"https:\\\/\\\/vinimam.org.vn\\\/vinimam\\\/wp-content\\\/uploads\\\/2024\\\/05\\\/dang-ky-kham-benh-online.jpg\",\"datePublished\":\"2024-05-27T07:42:25+00:00\",\"dateModified\":\"2025-12-06T06:51:38+00:00\",\"breadcrumb\":{\"@id\":\"https:\\\/\\\/vinimam.org.vn\\\/vinimam\\\/dang-ky-kham-benh-online-2\\\/#breadcrumb\"},\"inLanguage\":\"en-US\",\"potentialAction\":[{\"@type\":\"ReadAction\",\"target\":[\"https:\\\/\\\/vinimam.org.vn\\\/vinimam\\\/dang-ky-kham-benh-online-2\\\/\"]}]},{\"@type\":\"ImageObject\",\"inLanguage\":\"en-US\",\"@id\":\"https:\\\/\\\/vinimam.org.vn\\\/vinimam\\\/dang-ky-kham-benh-online-2\\\/#primaryimage\",\"url\":\"https:\\\/\\\/vinimam.org.vn\\\/vinimam\\\/wp-content\\\/uploads\\\/2024\\\/05\\\/dang-ky-kham-benh-online.jpg\",\"contentUrl\":\"https:\\\/\\\/vinimam.org.vn\\\/vinimam\\\/wp-content\\\/uploads\\\/2024\\\/05\\\/dang-ky-kham-benh-online.jpg\",\"width\":1280,\"height\":597},{\"@type\":\"BreadcrumbList\",\"@id\":\"https:\\\/\\\/vinimam.org.vn\\\/vinimam\\\/dang-ky-kham-benh-online-2\\\/#breadcrumb\",\"itemListElement\":[{\"@type\":\"ListItem\",\"position\":1,\"name\":\"Trang ch\u1ee7\",\"item\":\"https:\\\/\\\/vinimam.org.vn\\\/vinimam\\\/\"},{\"@type\":\"ListItem\",\"position\":2,\"name\":\"\u0110\u0103ng k\u00fd kh\u00e1m b\u1ec7nh online\"}]},{\"@type\":\"WebSite\",\"@id\":\"https:\\\/\\\/vinimam.org.vn\\\/vinimam\\\/#website\",\"url\":\"https:\\\/\\\/vinimam.org.vn\\\/vinimam\\\/\",\"name\":\"Vi\u1ec7n Y h\u1ecdc bi\u1ec3n | Vietnam National Institute of Maritime Medicine\",\"description\":\"B\u1ea3n L\u0129nh - Tr\u00ed Tu\u1ec7 - V\u01b0\u01a1n ra bi\u1ec3n l\u1edbn\",\"publisher\":{\"@id\":\"https:\\\/\\\/vinimam.org.vn\\\/vinimam\\\/#organization\"},\"potentialAction\":[{\"@type\":\"SearchAction\",\"target\":{\"@type\":\"EntryPoint\",\"urlTemplate\":\"https:\\\/\\\/vinimam.org.vn\\\/vinimam\\\/?s={search_term_string}\"},\"query-input\":{\"@type\":\"PropertyValueSpecification\",\"valueRequired\":true,\"valueName\":\"search_term_string\"}}],\"inLanguage\":\"en-US\"},{\"@type\":\"Organization\",\"@id\":\"https:\\\/\\\/vinimam.org.vn\\\/vinimam\\\/#organization\",\"name\":\"Vi\u1ec7n Y h\u1ecdc bi\u1ec3n | Vietnam National Institute of Maritime Medicine\",\"url\":\"https:\\\/\\\/vinimam.org.vn\\\/vinimam\\\/\",\"logo\":{\"@type\":\"ImageObject\",\"inLanguage\":\"en-US\",\"@id\":\"https:\\\/\\\/vinimam.org.vn\\\/vinimam\\\/#\\\/schema\\\/logo\\\/image\\\/\",\"url\":\"https:\\\/\\\/vinimam.org.vn\\\/vinimam\\\/wp-content\\\/uploads\\\/2023\\\/09\\\/logo-Vien-Y-hoc-bien-Viet-nam-oxy-cao-ap-scaled.jpg\",\"contentUrl\":\"https:\\\/\\\/vinimam.org.vn\\\/vinimam\\\/wp-content\\\/uploads\\\/2023\\\/09\\\/logo-Vien-Y-hoc-bien-Viet-nam-oxy-cao-ap-scaled.jpg\",\"width\":2560,\"height\":1280,\"caption\":\"Vi\u1ec7n Y h\u1ecdc bi\u1ec3n | Vietnam National Institute of Maritime Medicine\"},\"image\":{\"@id\":\"https:\\\/\\\/vinimam.org.vn\\\/vinimam\\\/#\\\/schema\\\/logo\\\/image\\\/\"},\"sameAs\":[\"https:\\\/\\\/www.facebook.com\\\/vienyhocbienvietnam\"]}]}<\/script>\n<!-- \/ Yoast SEO plugin. -->","yoast_head_json":{"title":"\u0110\u0103ng k\u00fd kh\u00e1m b\u1ec7nh online - Vi\u1ec7n Y h\u1ecdc bi\u1ec3n | Vietnam National Institute of Maritime Medicine","robots":{"index":"index","follow":"follow","max-snippet":"max-snippet:-1","max-image-preview":"max-image-preview:large","max-video-preview":"max-video-preview:-1"},"canonical":"https:\/\/vinimam.org.vn\/vinimam\/dang-ky-kham-benh-online-2\/","og_locale":"en_US","og_type":"article","og_title":"\u0110\u0103ng k\u00fd kh\u00e1m b\u1ec7nh online - Vi\u1ec7n Y h\u1ecdc bi\u1ec3n | Vietnam National Institute of Maritime Medicine","og_description":"\u0110ang t\u1ea3i\u2026","og_url":"https:\/\/vinimam.org.vn\/vinimam\/dang-ky-kham-benh-online-2\/","og_site_name":"Vi\u1ec7n Y h\u1ecdc bi\u1ec3n | Vietnam National Institute of Maritime Medicine","article_publisher":"https:\/\/www.facebook.com\/vienyhocbienvietnam","article_modified_time":"2025-12-06T06:51:38+00:00","og_image":[{"width":1280,"height":597,"url":"https:\/\/vinimam.org.vn\/vinimam\/wp-content\/uploads\/2024\/05\/dang-ky-kham-benh-online.jpg","type":"image\/jpeg"}],"twitter_card":"summary_large_image","twitter_misc":{"Est. reading time":"1 minute"},"schema":{"@context":"https:\/\/schema.org","@graph":[{"@type":"WebPage","@id":"https:\/\/vinimam.org.vn\/vinimam\/dang-ky-kham-benh-online-2\/","url":"https:\/\/vinimam.org.vn\/vinimam\/dang-ky-kham-benh-online-2\/","name":"\u0110\u0103ng k\u00fd kh\u00e1m b\u1ec7nh online - Vi\u1ec7n Y h\u1ecdc bi\u1ec3n | Vietnam National Institute of Maritime Medicine","isPartOf":{"@id":"https:\/\/vinimam.org.vn\/vinimam\/#website"},"primaryImageOfPage":{"@id":"https:\/\/vinimam.org.vn\/vinimam\/dang-ky-kham-benh-online-2\/#primaryimage"},"image":{"@id":"https:\/\/vinimam.org.vn\/vinimam\/dang-ky-kham-benh-online-2\/#primaryimage"},"thumbnailUrl":"https:\/\/vinimam.org.vn\/vinimam\/wp-content\/uploads\/2024\/05\/dang-ky-kham-benh-online.jpg","datePublished":"2024-05-27T07:42:25+00:00","dateModified":"2025-12-06T06:51:38+00:00","breadcrumb":{"@id":"https:\/\/vinimam.org.vn\/vinimam\/dang-ky-kham-benh-online-2\/#breadcrumb"},"inLanguage":"en-US","potentialAction":[{"@type":"ReadAction","target":["https:\/\/vinimam.org.vn\/vinimam\/dang-ky-kham-benh-online-2\/"]}]},{"@type":"ImageObject","inLanguage":"en-US","@id":"https:\/\/vinimam.org.vn\/vinimam\/dang-ky-kham-benh-online-2\/#primaryimage","url":"https:\/\/vinimam.org.vn\/vinimam\/wp-content\/uploads\/2024\/05\/dang-ky-kham-benh-online.jpg","contentUrl":"https:\/\/vinimam.org.vn\/vinimam\/wp-content\/uploads\/2024\/05\/dang-ky-kham-benh-online.jpg","width":1280,"height":597},{"@type":"BreadcrumbList","@id":"https:\/\/vinimam.org.vn\/vinimam\/dang-ky-kham-benh-online-2\/#breadcrumb","itemListElement":[{"@type":"ListItem","position":1,"name":"Trang ch\u1ee7","item":"https:\/\/vinimam.org.vn\/vinimam\/"},{"@type":"ListItem","position":2,"name":"\u0110\u0103ng k\u00fd kh\u00e1m b\u1ec7nh online"}]},{"@type":"WebSite","@id":"https:\/\/vinimam.org.vn\/vinimam\/#website","url":"https:\/\/vinimam.org.vn\/vinimam\/","name":"Vi\u1ec7n Y h\u1ecdc bi\u1ec3n | Vietnam National Institute of Maritime Medicine","description":"B\u1ea3n L\u0129nh - Tr\u00ed Tu\u1ec7 - V\u01b0\u01a1n ra bi\u1ec3n l\u1edbn","publisher":{"@id":"https:\/\/vinimam.org.vn\/vinimam\/#organization"},"potentialAction":[{"@type":"SearchAction","target":{"@type":"EntryPoint","urlTemplate":"https:\/\/vinimam.org.vn\/vinimam\/?s={search_term_string}"},"query-input":{"@type":"PropertyValueSpecification","valueRequired":true,"valueName":"search_term_string"}}],"inLanguage":"en-US"},{"@type":"Organization","@id":"https:\/\/vinimam.org.vn\/vinimam\/#organization","name":"Vi\u1ec7n Y h\u1ecdc bi\u1ec3n | Vietnam National Institute of Maritime Medicine","url":"https:\/\/vinimam.org.vn\/vinimam\/","logo":{"@type":"ImageObject","inLanguage":"en-US","@id":"https:\/\/vinimam.org.vn\/vinimam\/#\/schema\/logo\/image\/","url":"https:\/\/vinimam.org.vn\/vinimam\/wp-content\/uploads\/2023\/09\/logo-Vien-Y-hoc-bien-Viet-nam-oxy-cao-ap-scaled.jpg","contentUrl":"https:\/\/vinimam.org.vn\/vinimam\/wp-content\/uploads\/2023\/09\/logo-Vien-Y-hoc-bien-Viet-nam-oxy-cao-ap-scaled.jpg","width":2560,"height":1280,"caption":"Vi\u1ec7n Y h\u1ecdc bi\u1ec3n | Vietnam National Institute of Maritime Medicine"},"image":{"@id":"https:\/\/vinimam.org.vn\/vinimam\/#\/schema\/logo\/image\/"},"sameAs":["https:\/\/www.facebook.com\/vienyhocbienvietnam"]}]}},"_links":{"self":[{"href":"https:\/\/vinimam.org.vn\/vinimam\/wp-json\/wp\/v2\/pages\/1133","targetHints":{"allow":["GET"]}}],"collection":[{"href":"https:\/\/vinimam.org.vn\/vinimam\/wp-json\/wp\/v2\/pages"}],"about":[{"href":"https:\/\/vinimam.org.vn\/vinimam\/wp-json\/wp\/v2\/types\/page"}],"author":[{"embeddable":true,"href":"https:\/\/vinimam.org.vn\/vinimam\/wp-json\/wp\/v2\/users\/1"}],"replies":[{"embeddable":true,"href":"https:\/\/vinimam.org.vn\/vinimam\/wp-json\/wp\/v2\/comments?post=1133"}],"version-history":[{"count":7,"href":"https:\/\/vinimam.org.vn\/vinimam\/wp-json\/wp\/v2\/pages\/1133\/revisions"}],"predecessor-version":[{"id":2537,"href":"https:\/\/vinimam.org.vn\/vinimam\/wp-json\/wp\/v2\/pages\/1133\/revisions\/2537"}],"wp:featuredmedia":[{"embeddable":true,"href":"https:\/\/vinimam.org.vn\/vinimam\/wp-json\/wp\/v2\/media\/1131"}],"wp:attachment":[{"href":"https:\/\/vinimam.org.vn\/vinimam\/wp-json\/wp\/v2\/media?parent=1133"}],"curies":[{"name":"wp","href":"https:\/\/api.w.org\/{rel}","templated":true}]}}